{"id":22,"date":"2017-07-08T11:46:36","date_gmt":"2017-07-08T11:46:36","guid":{"rendered":"http:\/\/azechner.de\/?page_id=22"},"modified":"2019-11-23T15:23:09","modified_gmt":"2019-11-23T15:23:09","slug":"kulturarbeit","status":"publish","type":"page","link":"https:\/\/azechner.de\/?page_id=22","title":{"rendered":"praktisch"},"content":{"rendered":"<p><em>praktische Cinephilie:<\/em><\/p>\n<p><span style=\"font-size: medium;\">Nov. 2018: <\/span><span style=\"font-size: medium;\">Filmgespr\u00e4che mit Recha Jungmann zu Etwas tut weh, Unsere M\u00fctter, unsere V\u00e4ter und Zwischen Mond und Sonne im Rahmen von <i>Remake<\/i>, Frankfurter Frauen Film Tage, dt. Filmmuseum Frankfurt am Main<\/span><\/p>\n<p><span style=\"font-size: medium;\">Sept. 2017: Schmetterling im Winter \u2013 die Filmemacherin Maria Lang (1945-2014). Filmgespr\u00e4ch mit Renate Sami, dt. Filmmuseum Frankfurt am Main<\/span><\/p>\n<p><span style=\"font-size: medium;\">Mai 2016: Die K\u00f6rper des Kinos. Kurzfilmprogramm, Progammkino Mal Seh\u2019n Frankfurt am Main<\/span><\/p>\n<p><span style=\"font-size: medium;\">Jan. 2014: Mein Leben Teil 2. Filmgespr\u00e4ch mit der Filmemacherin Angelika Levi, Programmkino Mal Seh\u2019n Frankfurt am Main <\/span><\/p>\n<p><span style=\"font-size: medium;\">Jan. 2011: Kein Pardon \u2013 Kurzfilme von Mara Mattuschka. Filmgespr\u00e4ch mit der Filmemacherin und Prof. Marc Ries, Programmkino Mal Seh\u2019n, Frankfurt am Main <\/span><\/p>\n<p><span style=\"font-size: medium;\">SS 2010: Kuratorin zweier Kurzfilmprogramme zur Ringvorlesung des Zentrums f\u00fcr Gender-Studien Geschlechtertheorie und -forschung in verschiedenen Disziplinen II.<\/span><\/p>\n<p><span style=\"font-size: medium;\">Nov. bis Dez. 2007: Jurymitglied des 18. Bielefelder Film- und Videowettbewerbs<\/span><\/p>\n<p><span style=\"font-size: medium;\">2005 bis 2013: Mitarbeit Archiv f\u00fcr den bundesdeutschen Avantgarde- und Experimentalfilm von Frauen, Universit\u00e4t Paderborn <\/span><\/p>\n<p><span style=\"font-size: medium;\">Kuratorin mehrerer Filmreihen an der Universit\u00e4t Paderborn gemeinsam mit Prof. Dr. Annette Brauerhoch<\/span><\/p>\n<p><span style=\"font-size: medium;\">2005 bis 2010: Organisation der Veranstaltungsreihe \u00bbGender und Medien\u00ab Universit\u00e4t Paderborn.<\/span><\/p>\n<p><span style=\"font-size: medium;\">WS 2005: Kuratorin des Filmprogramms \u00bbMimikry\/Mimese\u00ab im Programmkino <\/span><span style=\"font-size: medium;\">Mal Seh\u2019n, Frankfurt am Main<\/span><\/p>\n<p><span style=\"font-size: medium;\">SS 2005: Organisation der Film- und Vortragsreihe \u00bbM\u00e4nner, Frauen, Kettens\u00e4gen\u00ab <\/span><span style=\"font-size: medium;\">am Institut f\u00fcr Theater-, Film- und Medienwissenschaft Frankfurt am Main<\/span><\/p>\n<p><span style=\"font-size: medium;\">2001 bis 2005: Mitglied des Organisationteams von \u201eNippon Connection\u201c,\u00a0 <\/span><span style=\"font-size: medium;\">japanisches Filmfestival Frankfurt am Main <\/span><\/p>\n<p><span style=\"font-size: medium;\"><em>akustisch: <\/em><\/span><\/p>\n<p><span style=\"font-size: medium;\">Redakteurin der Radiosendung \u00bbPeak Show\u00ab auf radio-x Frankfurt. www.radiox.de<\/span><\/p>\n<p><span style=\"font-size: medium;\"><i>Theaterpraxis: <\/i><\/span><\/p>\n<p><span style=\"font-size: medium;\">Dramaturgiemitarbeit und Darstellerin bei diversen Theaterproduktionen: \u00bbStadt als Beute 2\u00ab, eine Co-Produktion der Theaterwissenschaft mit dem Mousonturm Frankfurt, Regie: Ren\u00e9 Pollesch; Dramaturgie und Darstellerin, K.Kommando-Produktion \u00bbWahres Sch\u00f6nes Gutes\u00ab; Regie- und Dramaturgiehospitanz bei \u00bbWoyzeck\u00ab, Staatstheater Wiesbaden, Regie: Elke Lang; Regiemitarbeit und Darstellerin, K.Kommando-Produktion \u00bbRaumpatrouille\u00ab, Diskurs Gie\u00dfen; Theaterpraktikum in Marly le Roy (Frankreich) im Rahmen des DFSSU); Mitarbeit am \u00bbWunderblock II\u00ab, Co-<\/span><span style=\"font-size: medium;\">Produktion der Theaterwissenschaft Frankfurt mit dem TAT, Regie: Christof Nel.<\/span><\/p>\n<p><span style=\"font-size: medium;\">\u00a0<\/span><\/p>\n","protected":false},"excerpt":{"rendered":"<p>praktische Cinephilie: Nov. 2018: Filmgespr\u00e4che mit Recha Jungmann zu Etwas tut weh, Unsere M\u00fctter, unsere V\u00e4ter und Zwischen Mond und Sonne im Rahmen von Remake, Frankfurter Frauen Film Tage, dt. Filmmuseum Frankfurt am Main Sept. 2017: Schmetterling im Winter \u2013 die Filmemacherin Maria Lang (1945-2014). Filmgespr\u00e4ch mit Renate Sami, dt. Filmmuseum Frankfurt am Main Mai &hellip; <a href=\"https:\/\/azechner.de\/?page_id=22\" class=\"more-link\"><span class=\"screen-reader-text\">praktisch<\/span> weiterlesen<\/a><\/p>\n","protected":false},"author":2,"featured_media":72,"parent":0,"menu_order":0,"comment_status":"closed","ping_status":"closed","template":"","meta":{"footnotes":""},"_links":{"self":[{"href":"https:\/\/azechner.de\/index.php?rest_route=\/wp\/v2\/pages\/22"}],"collection":[{"href":"https:\/\/azechner.de\/index.php?rest_route=\/wp\/v2\/pages"}],"about":[{"href":"https:\/\/azechner.de\/index.php?rest_route=\/wp\/v2\/types\/page"}],"author":[{"embeddable":true,"href":"https:\/\/azechner.de\/index.php?rest_route=\/wp\/v2\/users\/2"}],"replies":[{"embeddable":true,"href":"https:\/\/azechner.de\/index.php?rest_route=%2Fwp%2Fv2%2Fcomments&post=22"}],"version-history":[{"count":10,"href":"https:\/\/azechner.de\/index.php?rest_route=\/wp\/v2\/pages\/22\/revisions"}],"predecessor-version":[{"id":124,"href":"https:\/\/azechner.de\/index.php?rest_route=\/wp\/v2\/pages\/22\/revisions\/124"}],"wp:featuredmedia":[{"embeddable":true,"href":"https:\/\/azechner.de\/index.php?rest_route=\/wp\/v2\/media\/72"}],"wp:attachment":[{"href":"https:\/\/azechner.de\/index.php?rest_route=%2Fwp%2Fv2%2Fmedia&parent=22"}],"curies":[{"name":"wp","href":"https:\/\/api.w.org\/{rel}","templated":true}]}}