{"id":12,"date":"2017-07-08T10:01:15","date_gmt":"2017-07-08T10:01:15","guid":{"rendered":"http:\/\/azechner.de\/?page_id=12"},"modified":"2025-09-10T18:41:48","modified_gmt":"2025-09-10T18:41:48","slug":"bibliografisch","status":"publish","type":"page","link":"https:\/\/azechner.de\/?page_id=12","title":{"rendered":"bibliographisch"},"content":{"rendered":"\n<p><em>Monographie<\/em><em>n<\/em>:<\/p>\n\n\n\n<p>Die Sinne im Kino. Eine Theorie der Filmwahrnehmung, Frankfurt\/ Main, Basel: Stroemfeld 2013<\/p>\n\n\n\n<p>\u00bbMimetische Wahrnehmung und die M\u00f6glichkeit der Erkenntnis im Kino\u00ab (2000), Frankfurt am Main: Universit\u00e4tsbibliothek Johann Christian Senckenberg 2023.<\/p>\n\n\n\n<p><em>Sammelb\u00e4nde und Zeitschriften:<\/em><\/p>\n\n\n\n<p><\/p>\n\n\n\n<p>Frauen und Film, Heft 73: Generationen, Gastherausgabe mit Gaby Babi\u0107, Berlin: Aviva 2025.<\/p>\n\n\n\n<p>Poison and Poisoning in Science, Fiction and Cinema: Precarious Identities, hrsg. mit Heike Klippel, Bettina Wahrig, London, NY: Palgrave Macmillan 2017.<\/p>\n\n\n\n<p>Die K\u00f6rper des Kinos. F\u00fcr eine fr\u00f6hliche Filmwissenschaft, hrsg. mit Christian H\u00fcls, Natalie Lettenewitsch, Frankfurt am Main, Basel: Stroemfeld 2015.<\/p>\n\n\n\n<p>Entautomatisierung. Schriftenreihe des Graduiertenkollegs \u00bbAutomatismen\u00ab, hrsg. mit Annette Brauerhoch, Norbert Eke, Renate Wieser, Paderborn: Fink 2014.<\/p>\n\n\n\n<p>Material, Experiment, Archiv. Experimentalfilme von Frauen, hrsg. mit Annette Brauerhoch, Florian Krautkr\u00e4mer, Berlin: b_books 2013.<\/p>\n\n\n\n<p>Mimikry. Gef\u00e4hrlicher Luxus zwischen Natur und Kultur, hrsg. mit Andreas Becker, Martin Doll, Serjoscha Wiemer, Schliengen: Ed. Argus 2008.<\/p>\n\n\n\n<p><em>Aufs\u00e4tze:<\/em><\/p>\n\n\n\n<p>\u00bbAnthropologie und Ph\u00e4nomenologie. Der Mensch am Leitfaden des Leibes\u00ab, Handbuch Literatur &amp; Film, hrsg. von Matthias Bauer, Stefan Keppler-Tasaki, Berlin: De-Gruyter 2024, 116-143.<\/p>\n\n\n\n<p>\u00bbPh\u00e4nomenologische Filmtheorie: Primat der Wahrnehmung und der Sinne\u00ab, Handbuch Filmtheorie, hrsg. von Bernhard Gro\u00df, Thomas Morsch, Wiesbaden: Springer 2021, S. 137-153.<\/p>\n\n\n\n<p>\u00bbAuf der Suche nach der eigenen Wahrnehmung. Anmerkungen zur Befreiung des Blicks in Filmen von Frauen\u00ab, in: Selbstbestimmt. Perspektiven von Filmemacherinnen, Deutsche Kinemathek \u2013 Museum f\u00fcr Film und Fernsehen, hrsg. von Karin Herbst-Me\u00dflinger, Rainer Rother, Berlin: Bertz + Fischer 2019, S. 130-157.<\/p>\n\n\n\n<p>\u00bbDie Grenz\u00fcberschreitung der Exterritorialit\u00e4t \u2013 Exil als Erkenntnism\u00f6glichkeit\u00ab, in: Grenz\u00fcberschreitendes Kino. Geo\u00e4sthetik, Arbeitsmigration und transnationale Identit\u00e4tsbildung, hrsg. von Delia Gonz\u00e1lez de Reufels,, Winfried Pauleit, Angela Rabing, Berlin: Bertz + Fischer 2019, S. 37-43.<\/p>\n\n\n\n<p>\u00bbVE\u010cNI \u017dIVOT BEZ SLOBODNE VOLJE. Zombi kao figura ekscesa i izop\u0161tenja\u00ab, in: NEMRTVI &#8211; TEORIJE FILMA O ZOMBIJIMA, hrsg. von Michael F\u00fcrst, Florian Krautkr\u00e4mer und Serjoscha Wiemer, Filmski centar Serbije 2018, S. 233-252.<\/p>\n\n\n\n<p>\u00bbGeliehene Stimmen \u2013 erm\u00e4chtigen, unterbrechen, finden\u00ab, in: Sichtbar machen. Politiken des Dokumentarischen, hrsg. von Vr\u00e4\u00e4th \u00d6hner, Lena St\u00f6lzl, Berlin: Vorwerk&nbsp;8 2018, S. 75-90.<\/p>\n\n\n\n<p>\u00bbCinema and the Motif of Poison as Intermingling\u00ab, in: Poison and Poisoning in Science, Fiction and Cinema: Precarious Identities, hrsg. von Heike Klippel, Bettina Wahrig, Anke Zechner, London, NY: Palgrave Macmillan 2017, S. 177-189.<\/p>\n\n\n\n<p>\u00bbPoison and Poisoning in Science, Fiction and Cinema: Precarious Identities\u00ab, Einleitung zusammen mit Heike Klippel und Bettina Wahrig, hrsg. mit denselben, London, NY: Palgrave Macmillan 2017, S. 1-11.<\/p>\n\n\n\n<p>\u00bbFinger\u00fcbungen \u2013 Von der Struktur des cinematographischen K\u00f6rpers zur haptischen Wahrneh\u00admung. Vivian Sobchacks ph\u00e4nomenologische Filmtheorie und die Debatte um Jane Campions The Piano\u00ab, montage AV 25\/2\/2016, S. 105-117.<\/p>\n\n\n\n<p>\u00bbPh\u00e4nomenologische Filmtheorie: Primat der Wahrnehmung und der Sinne\u00ab, Handbuch Filmtheorie, hrsg. von Bernhard Gro\u00df, Thomas Morsch, Wiesbaden: Springer VS 2016, https:\/\/doi.org\/10.1007\/978-3-658-09514-7_7-1.<\/p>\n\n\n\n<p>\u00bbShe will be hanged after three clear Sundays.\u00ab Der Rechtsdiskurs als Tr\u00e4ger des Unrechts am Beispiel von The Paradine Case. Onlinejournal kultur &amp; geschlecht #16, <a href=\"https:\/\/kulturundgeschlecht.blogs.ruhr-uni-bochum.de\/wp-content\/uploads\/2016\/02\/Zechner_ParadineCase.pdf\">https:\/\/kulturundgeschlecht.blogs.ruhr-uni-bochum.de\/wp-content\/uploads\/2016\/02\/Zechner_ParadineCase.pdf<\/a><\/p>\n\n\n\n<p>\u00bbFilm als andere Geschichtsschreibung\u00ab, in: Die K\u00f6rper des Kinos. F\u00fcr eine fr\u00f6hliche Filmwissenschaft, hrsg. mit Christian H\u00fcls, Natalie Lettenewitsch, Frankfurt am Main, Basel: Stroemfeld 2015, S. 74-92.<\/p>\n\n\n\n<p>\u00bbDie K\u00f6rper des Kinos. F\u00fcr eine fr\u00f6hliche Filmwissenschaft\u00ab, Vorwort zusammen mit Christian H\u00fcls, Natalie Lettenewitsch, hrsg. mit dens., Frankfurt am Main, Basel: Stroemfeld 2015, S. 11-15.<\/p>\n\n\n\n<p>\u00bbPoisonous Cinema. Giftmotiv und Vermischung im fr\u00fchen deutschen Kino\u00ab, in: Nach dem Film 2015, <a href=\"http:\/\/www.nachdemfilm.de\/content\/poisonous-cinema\">http:\/\/www.nachdemfilm.de\/content\/poisonous-cinema<\/a><a href=\"http:\/\/www.nachdemfilm.de\/content\/poisonous-cinema\"><\/a><\/p>\n\n\n\n<p>\u00bbTotentanz mit Brautkleid. Die vergiftete Gabe in Pier Pa<a href=\"http:\/\/www.nachdemfilm.de\/content\/poisonous-cinema\">(peer reviewed)<\/a>olo Pasolinis Medea\u00ab, in: Mit dem Tod tanzen. Tod und Totentanz im Film, hrsg. von Jessica Nitsche, Berlin: Neofelis 2015, S. 69-87.<\/p>\n\n\n\n<p>\u00bbTableaus des Allt\u00e4glichen. Zur Konstruktion des Dokumentarischen bei Corinna Schnitt\u00ab, in: Raus aus seinen Kleidern. Essays zum Werk von Corinna Schnitt, hrsg. von Ilka Becker, Heike Klippel, Frankfurt\/ Main, Basel: Stroemfeld 2014, S. 31-46.<\/p>\n\n\n\n<p>\u00bbMezukus Tagebuch. Acht Bilder aus der Zukunft der Medienwissenschaft\u00ab, zfm 2014\/1, S. 24-26.<\/p>\n\n\n\n<p>\u00bbStillstand der Narration und Wahrnehmung der Dinge \u2013 Entautomatisierung im Kino\u00ab, in: Entautomatisierung. Schriftenreihe des Graduiertenkollegs \u00bbAutomatismen\u00ab, hrsg. mit Annette Brauerhoch, Norbert Eke, Renate Wieser, Paderborn: Fink 2014, S. 125-146.<\/p>\n\n\n\n<p>\u00bbEntautomatisierung. Zur Einleitung\u00ab (zusammen mit A. Brauerhoch, N. Eke, R. Wieser), in: Entautomatisierung. Schriftenreihe des Graduiertenkollegs \u00bbAutomatismen\u00ab, hrsg. von dens., Paderborn: Fink 2014, S. 9-18.<\/p>\n\n\n\n<p>\u00bbAn den R\u00e4ndern des Subjekts. Siegfried Kracauers Konzept der Zur\u00fccknahme als \u00dcberleben\u00ab (zusammen mit Gaby Babi\u0107), in: Film als Loch in der Wand. Kino und Geschichte bei Siegfried Kracauer. Hrsg. von Am\u00e1lia Kerekes, Drehli Robnik, Katalin Teller, Wien: Turia und Kant 2013, S. 89-102.<\/p>\n\n\n\n<p>\u00bbBer\u00fchrung. Taktile Dimensionen im Material\u00ab, in: Material, Experiment, Archiv. Experimentalfilme von Frauen. Hrsg. von Annette Brauerhoch, Florian Krautkr\u00e4mer, Anke Zechner, Berlin: b_books 2013, S. 165-179.<\/p>\n\n\n\n<p>\u00bbWillenloses ewiges Leben. Der Zombie als Figur des Exzesses und der Ausgrenzung\u00ab, in: Untot. Zombie_Film_Theorie. Hrsg. von Michael F\u00fcrst, Florian Krautkr\u00e4mer und Serjoscha Wiemer, M\u00fcnchen: Belleville 2011, S. 195-210.<\/p>\n\n\n\n<p>\u00bbKraftfelder. Eine Frau mit Hut\u00ab, in: Unm\u00f6gliche Liebe. Asta Nielsen, ihr Kino. Hrsg. von Heide Schl\u00fcpmann, Eric de Kuyper, Karola Gramann, Michael Wedel, Sabine Nessel, Wien: Filmarchiv Austria 2010, S. 165-174.<\/p>\n\n\n\n<p>\u00bbVom Traum der Wahrheit bleibt die F\u00e4higkeit wahrzunehmen\u00ab (zusammen mit Gaby Babi\u0107 und Cornelia Kaus), in: Unerh\u00f6rte Erfahrung. Texte zum Kino. Festschrift f\u00fcr Heide Schl\u00fcpmann, hrsg. von Sabine Nessel, Doris Kern, Frankfurt am Main, Basel: Stroemfeld 2008, S. 294-307.<\/p>\n\n\n\n<p>\u00bbFilmwahrnehmung mit allen Sinnen \u2013 von der Programmierung der Nahsinne im Kino. Gedanken zum Verh\u00e4ltnis von visuellen Programmen und Ger\u00fcchen\u00ab, in: \u00bbThe Art of Programming\u00ab. Film, Programm und Kontext. Hrsg. von Heike Klippel, M\u00fcnster: LIT 2008, S. 261-285.<\/p>\n\n\n\n<p>\u00bbMimikry. Gef\u00e4hrlicher Luxus zwischen Natur und Kultur\u00ab, Einleitung zusammen mit Andreas Becker, Martin Doll, Serjoscha Wiemer, hrsg. mit dens., Schliengen: Ed.&nbsp;Argus 2008, S. 7-26.<\/p>\n\n\n\n<p>\u00bbIm Nirgendwo und ohne Ziel lange zu verweilen: Temponauten des grauen Gl\u00fccks. Zur Konzeption der Zeitwahrnehmung bei Walter Benjamin und Siegfried Kracauer\u00ab (zusammen mit Serjoscha Wiemer), in: <em>AugenBlick<\/em> \u2013 Marburger Hefte zur Medienwissenschaft 4: Paradoxien der Langeweile, 2008, S. 11-25.<\/p>\n\n\n\n<p>\u00bbUnmenschliche Landschaften\u00ab, in: moving landscapes. Landschaft und Film. Hrsg. von Barbara Pichler, Andrea Pollach, Wien: SYNEMA Publikationen 2006, S.183-196.<\/p>\n\n\n\n<p>\u00bbDas Affektbild als Stillstand der Narration: \u00dcberlegungen zur Schlussszene von Vive l\u2019amour \u2013 Es lebe die Liebe\u00ab, in: Affekte. Analysen \u00e4sthetisch-medialer Prozesse. Hrsg. von Antje Krause-Wahl, Heike Oehlschl\u00e4gel, Serjoscha Wiemer, Bielefeld: Transcript 2006, S. 155-167.<\/p>\n\n\n\n<p>\u00bbZwischen Langeweile und Zerstreuung. Von der Zeiterfahrung der Moderne zur Utopie des Kinos\u00ab (zusammen mit Serjoscha Wiemer), in: Zum Zeitvertreib. Strategien \u2013 Institutionen \u2013 Lekt\u00fcren \u2013 Bilder. Hrsg. von Alexander Karschnia, Oliver Kohns u.a., Bielefeld: Aisthesis 2005, S. 47-58.<\/p>\n\n\n\n<p>\u00bbLandschaften wie vor dem Auftauchen des Menschen. Zum Filmspezifischen in Claire Denis\u2019 Beau Travail\u00ab. <em>Frauen und Film<\/em>, Heft 64, September 2004, S. 59-65.<\/p>\n\n\n\n<p><em>Rezensionen und kleine Schriften:<\/em><\/p>\n\n\n\n<p>\u00bb8 Lazy Images\u00ab, in: \u00bb\u2026it Only counts what brings in Money\u00ab: Women, Work and Film (with Serjoscha Wiemer. Hrsg. von Gaby Babi\u0107 und Heide Schl\u00fcpmann. Remake. Frankfurt Women\u2018s Film Days 2021, S. 243-247.<\/p>\n\n\n\n<p>\u00bbFlorian Krautkr\u00e4mer: Schrift im Film\u00ab, rezens 2014\/1, <a href=\"http:\/\/rezenstfm.univie.ac.at\/rezens.php?action=rezension&amp;rez_id=296\">http:\/\/rezenstfm.univie.ac.at\/rezens.php?action=rezension&amp;rez_id=296<\/a><\/p>\n\n\n\n<p>\u00bbAcht faule Bilder\u00ab (zusammen mit Serjoscha Wiemer). Daumenkino Dezember 2013, <a href=\"http:\/\/dkritik.de\/schwerpunkt\/8-faule-bilder\/\">http:\/\/dkritik.de\/schwerpunkt\/8-faule-bilder\/<\/a><\/p>\n\n\n\n<p>\u00bbMit rauchendem Kopf aus dem Kino gekommen&#8230; Sehen ist Denken \u2013 ein Report zur 30. Duisburger Filmwoche 2006\u00ab (zusammen mit Serjoscha Wiemer), <a href=\"http:\/\/www.nachdemfilm.de\/content\/mit-rauchendem-kopf-aus-dem-kino-gekommen%E2%81%84\">http:\/\/www.nachdemfilm.de\/content\/mit-rauchendem-kopf<\/a><\/p>\n\n\n\n<p>\u00bbZeit zum Elefant-Werden. Die Freunde der Realit\u00e4t auf der Filmwoche Duisburg 2005\u00ab (zusammen mit Serjoscha Wiemer), <a href=\"http:\/\/www.nachdemfilm.de\/content\/zeit-zum-elefant-werden\">http:\/\/www.nachdemfilm.de\/content\/zeit<\/a><\/p>\n\n\n\n<p><em>\u00bb<\/em>Jarmark Europa. Pendeln zwischen den Welten. Ameisen\u00f6konomie und Utopie\u00ab (zusammen mit Serjoscha Wiemer), <a href=\"http:\/\/www.nachdemfilm.de\/content\/pendeln-zwischen-den-welten-ameisen%E2%88%91konomie-und-utopie\">http:\/\/www.nachdemfilm.de\/content\/pendeln-zwischen-den-welten<\/a><\/p>\n\n\n\n<p>\u00bbTalking Cure des Dokumentarischen. 27. Duisburger Filmwoche 2003\u00ab (zusammen mit Serjoscha Wiemer), <a href=\"http:\/\/www.nachdemfilm.de\/content\/talking-cure-des-dokumentarischen\">http:\/\/www.nachdemfilm.de\/content\/talking-cure<\/a><\/p>\n\n\n\n<p>\u00bbEinfach zum Heulen. Aiqing Wansui (Vive l\u2019amour) von Ming-Liang Tsai, Taiwan 1994\u00ab<em>, <\/em>Nach dem Film: No 4. Tr\u00e4nen im Kino, 10\/2002.<a href=\"http:\/\/www.nachdemfilm.de\/content\/einfach-zum-heulen\">http:\/\/www.nachdemfilm.de\/content\/einfach-zum-heulen<\/a><\/p>\n","protected":false},"excerpt":{"rendered":"<p>Monographien: Die Sinne im Kino. Eine Theorie der Filmwahrnehmung, Frankfurt\/ Main, Basel: Stroemfeld 2013 \u00bbMimetische Wahrnehmung und die M\u00f6glichkeit der Erkenntnis im Kino\u00ab (2000), Frankfurt am Main: Universit\u00e4tsbibliothek Johann Christian Senckenberg 2023. Sammelb\u00e4nde und Zeitschriften: Frauen und Film, Heft 73: Generationen, Gastherausgabe mit Gaby Babi\u0107, Berlin: Aviva 2025. Poison and Poisoning in Science, Fiction and &hellip; <a href=\"https:\/\/azechner.de\/?page_id=12\" class=\"more-link\"><span class=\"screen-reader-text\">bibliographisch<\/span> weiterlesen<\/a><\/p>\n","protected":false},"author":2,"featured_media":57,"parent":0,"menu_order":0,"comment_status":"closed","ping_status":"closed","template":"","meta":{"footnotes":""},"_links":{"self":[{"href":"https:\/\/azechner.de\/index.php?rest_route=\/wp\/v2\/pages\/12"}],"collection":[{"href":"https:\/\/azechner.de\/index.php?rest_route=\/wp\/v2\/pages"}],"about":[{"href":"https:\/\/azechner.de\/index.php?rest_route=\/wp\/v2\/types\/page"}],"author":[{"embeddable":true,"href":"https:\/\/azechner.de\/index.php?rest_route=\/wp\/v2\/users\/2"}],"replies":[{"embeddable":true,"href":"https:\/\/azechner.de\/index.php?rest_route=%2Fwp%2Fv2%2Fcomments&post=12"}],"version-history":[{"count":16,"href":"https:\/\/azechner.de\/index.php?rest_route=\/wp\/v2\/pages\/12\/revisions"}],"predecessor-version":[{"id":143,"href":"https:\/\/azechner.de\/index.php?rest_route=\/wp\/v2\/pages\/12\/revisions\/143"}],"wp:featuredmedia":[{"embeddable":true,"href":"https:\/\/azechner.de\/index.php?rest_route=\/wp\/v2\/media\/57"}],"wp:attachment":[{"href":"https:\/\/azechner.de\/index.php?rest_route=%2Fwp%2Fv2%2Fmedia&parent=12"}],"curies":[{"name":"wp","href":"https:\/\/api.w.org\/{rel}","templated":true}]}}