{"id":103,"date":"2019-04-19T16:14:58","date_gmt":"2019-04-19T16:14:58","guid":{"rendered":"http:\/\/azechner.de\/?page_id=103"},"modified":"2020-11-21T14:30:47","modified_gmt":"2020-11-21T14:30:47","slug":"datenschutzerklaerung","status":"publish","type":"page","link":"https:\/\/azechner.de\/?page_id=103","title":{"rendered":"Datenschutzerkl\u00e4rung"},"content":{"rendered":"\n<h2 class=\"wp-block-heading\"><\/h2>\n\n\n\n<p>Die Adresse dieser Website ist: https:\/\/azechner.de.<\/p>\n\n\n\n<p>Dies ist eine Website, mit der ich \u00fcber meine filmwissenschaftliche Arbeit und weitere Interessen informiere.<\/p>\n\n\n\n<h3 class=\"wp-block-heading\">Kontakt-Informationen<\/h3>\n\n\n\n<p>zechner.anke@web.de<\/p>\n\n\n\n<h2 class=\"wp-block-heading\">Welche personenbezogenen Daten wir auf dieser Seite sammeln und warum wir sie sammeln<\/h2>\n\n\n\n<p>Diese Website geht sparsam mit Besucherdaten um. Es werden keine  personenbezogenen Daten gesammelt. Ein sicherer Aufruf der Seite ist  \u00fcber https m\u00f6glich. Allerdings k\u00f6nnen andere Dienste Daten \u00fcber Dich  sammeln, wenn Du diese Seite aufrufst. Einige solcher Dienste k\u00f6nnen \u00fcber Plugins Bestandteil dieser Seite sein. Das k\u00f6nnen beispielsweise Texte von Academia.edu, Fotos von Flickr, Sounds von Soundcloud oder andere Dienste sein. Siehe dazu die Erl\u00e4uterungen im  Abschnitt \u201eEingebettete Inhalte von anderen Websites\u201c.<\/p>\n\n\n\n<h3 class=\"wp-block-heading\">Eingebettete Inhalte von anderen Websites<\/h3>\n\n\n\n<p>Beitr\u00e4ge auf dieser Website k\u00f6nnen eingebettete Inhalte beinhalten \n(z.&nbsp;B. Videos, Bilder, Beitr\u00e4ge etc.). Eingebettete Inhalte von anderen \nWebsites verhalten sich exakt so, als ob der Besucher die andere Website\n besucht h\u00e4tte.<\/p>\n\n\n\n<p>Diese Websites k\u00f6nnen Daten \u00fcber dich sammeln, Cookies benutzen,  zus\u00e4tzliche Tracking-Dienste von Dritten einbetten und deine Interaktion  mit diesem eingebetteten Inhalt aufzeichnen, inklusive deiner Interaktion mit dem eingebetteten Inhalt, falls du ein Konto hast und auf dieser Website angemeldet bist.<\/p>\n","protected":false},"excerpt":{"rendered":"<p>Die Adresse dieser Website ist: https:\/\/azechner.de. Dies ist eine Website, mit der ich \u00fcber meine filmwissenschaftliche Arbeit und weitere Interessen informiere. Kontakt-Informationen zechner.anke@web.de Welche personenbezogenen Daten wir auf dieser Seite sammeln und warum wir sie sammeln Diese Website geht sparsam mit Besucherdaten um. Es werden keine personenbezogenen Daten gesammelt. Ein sicherer Aufruf der Seite ist &hellip; <a href=\"https:\/\/azechner.de\/?page_id=103\" class=\"more-link\"><span class=\"screen-reader-text\">Datenschutzerkl\u00e4rung<\/span> weiterlesen<\/a><\/p>\n","protected":false},"author":2,"featured_media":0,"parent":0,"menu_order":0,"comment_status":"closed","ping_status":"closed","template":"","meta":{"footnotes":""},"_links":{"self":[{"href":"https:\/\/azechner.de\/index.php?rest_route=\/wp\/v2\/pages\/103"}],"collection":[{"href":"https:\/\/azechner.de\/index.php?rest_route=\/wp\/v2\/pages"}],"about":[{"href":"https:\/\/azechner.de\/index.php?rest_route=\/wp\/v2\/types\/page"}],"author":[{"embeddable":true,"href":"https:\/\/azechner.de\/index.php?rest_route=\/wp\/v2\/users\/2"}],"replies":[{"embeddable":true,"href":"https:\/\/azechner.de\/index.php?rest_route=%2Fwp%2Fv2%2Fcomments&post=103"}],"version-history":[{"count":4,"href":"https:\/\/azechner.de\/index.php?rest_route=\/wp\/v2\/pages\/103\/revisions"}],"predecessor-version":[{"id":129,"href":"https:\/\/azechner.de\/index.php?rest_route=\/wp\/v2\/pages\/103\/revisions\/129"}],"wp:attachment":[{"href":"https:\/\/azechner.de\/index.php?rest_route=%2Fwp%2Fv2%2Fmedia&parent=103"}],"curies":[{"name":"wp","href":"https:\/\/api.w.org\/{rel}","templated":true}]}}